{"id":286,"date":"2023-11-28T18:48:32","date_gmt":"2023-11-28T17:48:32","guid":{"rendered":"https:\/\/dev.saller-bau.com\/?page_id=286"},"modified":"2025-03-25T15:38:03","modified_gmt":"2025-03-25T14:38:03","slug":"pronajem-projekty","status":"publish","type":"page","link":"https:\/\/dev.saller-bau.com\/cs\/pronajem-projekty\/","title":{"rendered":"Pron\u00e1jem \/ Projekty"},"content":{"rendered":"\n<div style=\"height:30px\" aria-hidden=\"true\" class=\"wp-block-spacer\"><\/div>\n\n\n\n<h2 class=\"wp-block-heading has-text-align-center has-text-color has-link-color wp-elements-673303e8a1aa6e1840c9de475d6a18d0\" style=\"color:#00305b;font-style:normal;font-weight:700;text-transform:uppercase\">Skv\u011bl\u00e1 m\u00edsta a dlouhodob\u00fd rozvoj nemovitost\u00ed<\/h2>\n\n\n\n<hr class=\"wp-block-separator has-text-color has-alpha-channel-opacity has-background is-style-default\" style=\"background-color:#00305b;color:#00305b\"\/>\n\n\n\n<div style=\"height:15px\" aria-hidden=\"true\" class=\"wp-block-spacer\"><\/div>\n\n\n\n<div class=\"wp-block-columns is-layout-flex wp-container-core-columns-is-layout-9d6595d7 wp-block-columns-is-layout-flex\">\n<div class=\"wp-block-column is-layout-flow wp-block-column-is-layout-flow\">\n<h4 class=\"wp-block-heading has-text-align-center has-text-color has-link-color wp-elements-7bde35e99f2f14103fc44b02a1647626\" style=\"color:#00305b;font-style:normal;font-weight:700\">Dobr\u00e9 d\u016fvody<br>pro spolupr\u00e1ci<\/h4>\n\n\n\n<p style=\"font-size:16px\">Jsme partnerem \u00fasp\u011b\u0161n\u00fdch obchodn\u00edch spole\u010dnost\u00ed a st\u0159edn\u011b velk\u00fdch firem, kter\u00e9 hledaj\u00ed n\u00e1jemn\u00ed plochy pro expanzi. Svou dlouhodobou \u010dinnost\u00ed a udr\u017eiteln\u00fdm obhospoda\u0159ov\u00e1n\u00edm nav\u00edc zaji\u0161\u0165ujeme vytv\u00e1\u0159en\u00ed a&nbsp;udr\u017eov\u00e1n\u00ed mnoha nov\u00fdch pracovn\u00edch m\u00edst.<\/p>\n\n\n\n<div style=\"height:10px\" aria-hidden=\"true\" class=\"wp-block-spacer\"><\/div>\n\n\n\n<p style=\"font-size:16px\"><strong>Tel.:<\/strong> <a href=\"tel:+49 3643 8674 900\">+49 3643 \/ 8674 20<\/a><a href=\"tel:+420474610 012\">2<\/a><br><strong>E-Mail:<\/strong> <a href=\"mailto:asspronajem-czsk@saller-bau.com\">asspronajem-czsk@saller-bau.com<\/a><\/p>\n<\/div>\n\n\n\n<div class=\"wp-block-column is-layout-flow wp-block-column-is-layout-flow\">\n<p class=\"has-text-align-left\" style=\"font-size:16px\">V N\u011bmecku, \u010cesk\u00e9 republice, Polsku a na Slovensku nab\u00edz\u00edme prodejn\u00ed plochy k pron\u00e1jmu, zejm\u00e9na v n\u00e1kupn\u00edch parc\u00edch, obchodn\u00edch centrech a v obchodn\u00edch domech na nejlep\u0161\u00edch adres\u00e1ch.&nbsp;<\/p>\n\n\n\n<p style=\"font-size:16px\">Zaj\u00edm\u00e1te-li se o n\u00e1jemn\u00ed prostory, m\u016f\u017eete se na n\u00e1s obr\u00e1tit a e-mailem n\u00e1m zaslat sv\u016fj dotaz. Na\u0161e portfolio zahrnuje v\u00edce ne\u017e 300 objekt\u016f ve 4 zem\u00edch. To z n\u00e1s \u010din\u00ed siln\u00e9ho partnera, kter\u00fd V\u00e1m m\u016f\u017ee navrhnout koncepci komer\u010dn\u00edch ploch v souladu s Va\u0161imi p\u0159edstavami.<\/p>\n\n\n \n<div data-block=\"gutenkit\/button\" data-post-id=\"286\" id=\"block-039a9328-0cfe-4088-87aa-3c1ba2f115c8\" class=\"wp-block-gutenkit-button gkitf115c8 gutenkit-block\"><div class=\"gkit-btn-wraper\"><a class=\"gkit-btn\" href=\"https:\/\/saller-leasing.com\/cs\/\" target=\"_blank\" rel=\"noopener\">PORT\u00c1L PRON\u00c1JMU<div class=\"icon-right\"><?xml version=\"1.0\" encoding=\"UTF-8\"?>\n<svg id=\"Ebene_1\" xmlns=\"http:\/\/www.w3.org\/2000\/svg\" viewBox=\"0 0 547.46 446.94\" class=\"gkit-icon\">\n  <defs>\n    <style>\n      .cls-1 {\n        fill: #fff;\n      }\n    <\/style>\n  <\/defs>\n  <path class=\"cls-1\" d=\"M472.22,403.07v-107.63h18.72v18.17c4.75-7.07,10.39-12.47,16.91-16.21,6.52-3.73,13.67-5.12,21.39-5.94,3.36-.36,16.73,0,18.22,0v18.72c-3.8-.06-13.65-1.31-23.45,0-9.31,1.24-16.96,5.4-23.33,12.71-6.36,7.3-9.54,16.45-9.54,27.44v52.73h-18.91Z\"\/>\n  <polygon class=\"cls-1\" points=\"315.11 65 547.46 65 547.46 62.35 312.45 62.35 315.11 65\"\/>\n  <polygon class=\"cls-1\" points=\"294.81 44.28 547.46 44.28 547.46 41.54 292.24 41.54 294.81 44.28\"\/>\n  <polygon class=\"cls-1\" points=\"235.29 62.35 .37 62.35 .37 65 232.72 65 235.29 62.35\"\/>\n  <polygon class=\"cls-1\" points=\"255.58 41.54 .37 41.54 .37 44.28 252.93 44.28 255.58 41.54\"\/>\n  <polygon class=\"cls-1\" points=\"335.32 85.81 547.46 85.81 547.46 83.07 332.66 83.07 335.32 85.81\"\/>\n  <polygon class=\"cls-1\" points=\"215.08 83.07 .37 83.07 .37 85.81 212.42 85.81 215.08 83.07\"\/>\n  <rect class=\"cls-1\" x=\".37\" y=\"20.81\" width=\"547.08\" height=\"2.66\"\/>\n  <rect class=\"cls-1\" x=\".37\" width=\"547.08\" height=\"2.74\"\/>\n  <rect class=\"cls-1\" x=\".37\" y=\"444.28\" width=\"547.08\" height=\"2.66\"\/>\n  <rect class=\"cls-1\" x=\".37\" y=\"423.47\" width=\"547.08\" height=\"2.74\"\/>\n  <polygon class=\"cls-1\" points=\"73.51 228.41 .37 228.41 .37 231.15 70.86 231.15 73.51 228.41\"\/>\n  <polygon class=\"cls-1\" points=\"113.93 186.87 .37 186.87 .37 189.61 111.28 189.61 113.93 186.87\"\/>\n  <polygon class=\"cls-1\" points=\"134.15 166.14 .37 166.14 .37 168.8 131.57 168.8 134.15 166.14\"\/>\n  <polygon class=\"cls-1\" points=\"154.35 145.42 .37 145.42 .37 148.07 151.79 148.07 154.35 145.42\"\/>\n  <polygon class=\"cls-1\" points=\"174.65 124.61 .37 124.61 .37 127.35 172 127.35 174.65 124.61\"\/>\n  <polygon class=\"cls-1\" points=\"194.86 103.88 .37 103.88 .37 106.54 192.21 106.54 194.86 103.88\"\/>\n  <polygon class=\"cls-1\" points=\"33 269.94 .37 269.94 .37 272.68 30.43 272.68 33 269.94\"\/>\n  <polygon class=\"cls-1\" points=\"53.21 249.22 .37 249.22 .37 251.87 50.64 251.87 53.21 249.22\"\/>\n  <polygon class=\"cls-1\" points=\"436.46 189.61 547.46 189.61 547.46 186.87 433.81 186.87 436.46 189.61\"\/>\n  <polygon class=\"cls-1\" points=\"416.25 168.8 547.46 168.8 547.46 166.14 413.6 166.14 416.25 168.8\"\/>\n  <polygon class=\"cls-1\" points=\"396.04 148.07 547.46 148.07 547.46 145.42 393.38 145.42 396.04 148.07\"\/>\n  <polygon class=\"cls-1\" points=\"375.74 127.35 547.46 127.35 547.46 124.61 373.17 124.61 375.74 127.35\"\/>\n  <polygon class=\"cls-1\" points=\"355.53 106.54 547.46 106.54 547.46 103.88 352.96 103.88 355.53 106.54\"\/>\n  <polygon class=\"cls-1\" points=\"517.39 272.68 547.46 272.68 547.46 269.94 514.74 269.94 517.39 272.68\"\/>\n  <polygon class=\"cls-1\" points=\"497.18 251.87 547.46 251.87 547.46 249.22 494.53 249.22 497.18 251.87\"\/>\n  <polygon class=\"cls-1\" points=\"476.89 231.15 547.46 231.15 547.46 228.41 474.31 228.41 476.89 231.15\"\/>\n  <polygon class=\"cls-1\" points=\"93.72 207.68 .37 207.68 .37 210.34 91.07 210.34 93.72 207.68\"\/>\n  <polygon class=\"cls-1\" points=\"456.67 210.34 547.46 210.34 547.46 207.68 454.1 207.68 456.67 210.34\"\/>\n  <path class=\"cls-1\" d=\"M541.42,301.87c.06.04.13.11.19.17,0-.04-.05-.13-.19-.17Z\"\/>\n  <path class=\"cls-1\" d=\"M0,365.58h18.74c.8,6.66,3.58,11.8,8.34,15.41,4.76,3.61,11.17,5.42,19.26,5.42,9.28,0,16.5-1.39,21.66-4.18,5.16-2.79,7.74-6.66,7.74-11.6,0-3.62-1.21-6.36-3.61-8.23-2.41-1.87-6.91-3.41-13.5-4.61l-21.06-4.09c-12.95-2.41-21.71-5.71-26.26-9.89-4.56-4.19-6.84-10.43-6.84-18.74,0-10.91,3.6-19.19,10.79-24.87,7.19-5.68,17.72-8.51,31.6-8.51s24.57,2.94,31.94,8.8c7.36,5.86,11.05,14.31,11.05,25.35v.76h-16.59c-.57-6.4-3.09-11.16-7.57-14.27-4.47-3.11-11.03-4.66-19.69-4.66-7.91,0-13.94,1.21-18.1,3.61-4.15,2.41-6.23,5.9-6.23,10.47,0,3.99,1.26,6.99,3.78,8.99,2.52,2,8.31,3.85,17.37,5.56l20.46,3.71c11.29,2.09,19.13,5.34,23.51,9.75,4.38,4.41,6.58,10.99,6.58,19.74,0,10.78-4.05,19.09-12.16,24.92-8.11,5.84-19.73,8.76-34.86,8.76s-25.72-3.08-33.32-9.23c-7.59-6.16-11.93-15.6-13.02-28.35Z\"\/>\n  <path class=\"cls-1\" d=\"M191.92,384.21c-4.38,6.14-10.07,10.82-17.05,14.05-6.99,3.22-14.95,4.84-23.89,4.84-11.96,0-21.23-2.78-27.81-8.34-6.57-5.56-9.86-13.34-9.86-23.31,0-5.43,1.17-10.28,3.51-14.53,2.34-4.26,5.85-7.91,10.53-10.99,2.31-1.53,5.64-2.81,9.99-3.84,4.35-1.02,11.44-2.11,21.27-3.26,1.72-.19,4.2-.48,7.46-.86,16.64-1.73,24.96-6.3,24.96-13.72,0-5.56-1.99-9.61-5.95-12.13-3.97-2.53-10.42-3.79-19.36-3.79-10.13,0-17.52,1.63-22.17,4.89-4.65,3.26-7.21,8.51-7.68,15.73l-18.3.1c.59-12.34,4.81-21.63,12.66-27.87,7.85-6.24,19.26-9.36,34.25-9.36,16.28,0,27.79,2.64,34.51,7.91,6.72,5.28,10.08,14.31,10.08,27.11v42.4c0,5.89.64,9.95,1.91,12.18,1.28,2.24,3.54,3.36,6.8,3.36.71,0,1.49-.05,2.35-.14.86-.1,1.77-.24,2.71-.43v15.35c-2.31.32-4.62.56-6.93.72-2.31.16-4.53.24-6.66.24-5.15,0-9.11-1.3-11.86-3.89-2.75-2.59-4.57-6.73-5.46-12.42ZM191.39,346.51c-2.43,1.54-6,2.9-10.7,4.08-4.71,1.18-10.97,2.25-18.79,3.21-12.67,1.53-20.73,3.49-24.16,5.85-3.44,2.37-5.16,6.04-5.16,11.03s1.88,9.11,5.64,11.99c3.76,2.88,8.99,4.31,15.68,4.31,10.78,0,19.72-2.4,26.82-7.2,7.11-4.79,10.66-10.64,10.66-17.55v-15.73Z\"\/>\n  <path class=\"cls-1\" d=\"M245.26,403.07V103.88h18.81v299.19h-18.81Z\"\/>\n  <path class=\"cls-1\" d=\"M285.93,403.07V103.88h18.81v299.19h-18.81Z\"\/>\n  <path class=\"cls-1\" d=\"M352.15,350.99v.76c0,9.88,3.47,17.94,10.41,24.18,6.93,6.24,15.91,9.36,26.93,9.36,8.24,0,15.27-1.64,21.1-4.94,5.83-3.29,9.82-7.82,11.97-13.59h22.04c-3.74,11.41-10.44,20.29-20.1,26.66-9.66,6.36-21.33,9.54-35.01,9.54-17.35,0-31.22-5.05-41.61-15.15-10.39-10.1-15.58-23.61-15.58-40.52s5.19-30.42,15.58-40.52c10.39-10.1,24.26-15.16,41.61-15.16s31.64,4.94,41.71,14.82c10.07,9.88,15.11,23.5,15.11,40.86v3.7h-94.16ZM352.72,337.59h73.35c-1.46-8.87-5.43-15.82-11.92-20.85-6.5-5.04-14.71-7.55-24.66-7.55s-18.08,2.52-24.61,7.55c-6.52,5.04-10.58,11.98-12.16,20.85Z\"\/>\n<\/svg><\/div><\/a><\/div><\/div>\n <\/div>\n<\/div>\n\n\n\n<div style=\"height:63px\" aria-hidden=\"true\" class=\"wp-block-spacer\"><\/div>\n\n\n \n<div data-block=\"gutenkit\/advanced-image\" data-post-id=\"286\" id=\"block-71ee4a7b-f9f1-418f-bc3f-695cf2743b42\" class=\"wp-block-gutenkit-advanced-image gkit743b42 gutenkit-block\"><div class=\"gkit-container-overlay\"><\/div><img decoding=\"async\" width=\"1920\" height=\"890\" loading=\"lazy\" src=\"https:\/\/dev.saller-bau.com\/wp-content\/uploads\/2024\/10\/2024-08-16_Liniendiagramm-Entwicklung-Saller-CZ_Zeichenflaeche-1.jpg\" class=\"wp-image-1884 gkit-image\" alt=\"\" srcset=\"https:\/\/dev.saller-bau.com\/wp-content\/uploads\/2024\/10\/2024-08-16_Liniendiagramm-Entwicklung-Saller-CZ_Zeichenflaeche-1.jpg 1920w, https:\/\/dev.saller-bau.com\/wp-content\/uploads\/2024\/10\/2024-08-16_Liniendiagramm-Entwicklung-Saller-CZ_Zeichenflaeche-1-300x139.jpg 300w, https:\/\/dev.saller-bau.com\/wp-content\/uploads\/2024\/10\/2024-08-16_Liniendiagramm-Entwicklung-Saller-CZ_Zeichenflaeche-1-1024x475.jpg 1024w, https:\/\/dev.saller-bau.com\/wp-content\/uploads\/2024\/10\/2024-08-16_Liniendiagramm-Entwicklung-Saller-CZ_Zeichenflaeche-1-768x356.jpg 768w, https:\/\/dev.saller-bau.com\/wp-content\/uploads\/2024\/10\/2024-08-16_Liniendiagramm-Entwicklung-Saller-CZ_Zeichenflaeche-1-1536x712.jpg 1536w, https:\/\/dev.saller-bau.com\/wp-content\/uploads\/2024\/10\/2024-08-16_Liniendiagramm-Entwicklung-Saller-CZ_Zeichenflaeche-1-216x100.jpg 216w\" sizes=\"auto, (max-width: 1920px) 100vw, 1920px\" \/><\/div>\n ","protected":false},"excerpt":{"rendered":"Skv\u011bl\u00e1 m\u00edsta a dlouhodob\u00fd rozvoj nemovitost\u00ed Dobr\u00e9 d\u016fvodypro spolupr\u00e1ci Jsme partnerem \u00fasp\u011b\u0161n\u00fdch obchodn\u00edch spole\u010dnost\u00ed a st\u0159edn\u011b velk\u00fdch firem, kter\u00e9 hledaj\u00ed n\u00e1jemn\u00ed plochy pro expanzi. Svou dlouhodobou \u010dinnost\u00ed a udr\u017eiteln\u00fdm obhospoda\u0159ov\u00e1n\u00edm nav\u00edc zaji\u0161\u0165ujeme vytv\u00e1\u0159en\u00ed a&nbsp;udr\u017eov\u00e1n\u00ed mnoha nov\u00fdch pracovn\u00edch m\u00edst. Tel.: +49 3643 \/ 8674 202E-Mail: asspronajem-czsk@saller-bau.com V N\u011bmecku, \u010cesk\u00e9 republice, Polsku a na Slovensku nab\u00edz\u00edme prodejn\u00ed [&#8230;]<p><a class=\"btn btn-secondary understrap-read-more-link\" href=\"https:\/\/dev.saller-bau.com\/cs\/pronajem-projekty\/\">\u010c\u00edst d\u00e1le&#8230;<span class=\"screen-reader-text\"> from Pron\u00e1jem \/ Projekty<\/span><\/a><\/p>","protected":false},"author":1,"featured_media":0,"parent":0,"menu_order":0,"comment_status":"closed","ping_status":"closed","template":"page-templates\/vermietung-projekte.php","meta":{"_acf_changed":false,"_eb_attr":"","inline_featured_image":false,"postBodyCss":"","postBodyMargin":[],"postBodyPadding":[],"postBodyBackground":{"backgroundType":"classic","gradient":""},"footnotes":""},"class_list":["post-286","page","type-page","status-publish","hentry"],"featured_image_src":null,"acf":[],"yoast_head":"<!-- This site is optimized with the Yoast SEO plugin v27.2 - https:\/\/yoast.com\/product\/yoast-seo-wordpress\/ -->\n<title>Pron\u00e1jem \/ Projekty - Saller<\/title>\n<meta name=\"robots\" content=\"index, follow, max-snippet:-1, max-image-preview:large, max-video-preview:-1\" \/>\n<link rel=\"canonical\" href=\"https:\/\/dev.saller-bau.com\/cs\/pronajem-projekty\/\" \/>\n<meta property=\"og:locale\" content=\"cs_CZ\" \/>\n<meta property=\"og:type\" content=\"article\" \/>\n<meta property=\"og:title\" content=\"Pron\u00e1jem \/ Projekty - Saller\" \/>\n<meta property=\"og:description\" content=\"Skv\u011bl\u00e1 m\u00edsta a dlouhodob\u00fd rozvoj nemovitost\u00ed Dobr\u00e9 d\u016fvodypro spolupr\u00e1ci Jsme partnerem \u00fasp\u011b\u0161n\u00fdch obchodn\u00edch spole\u010dnost\u00ed a st\u0159edn\u011b velk\u00fdch firem, kter\u00e9 hledaj\u00ed n\u00e1jemn\u00ed plochy pro expanzi. Svou dlouhodobou \u010dinnost\u00ed a udr\u017eiteln\u00fdm obhospoda\u0159ov\u00e1n\u00edm nav\u00edc zaji\u0161\u0165ujeme vytv\u00e1\u0159en\u00ed a&nbsp;udr\u017eov\u00e1n\u00ed mnoha nov\u00fdch pracovn\u00edch m\u00edst. Tel.: +49 3643 \/ 8674 202E-Mail: asspronajem-czsk@saller-bau.com V N\u011bmecku, \u010cesk\u00e9 republice, Polsku a na Slovensku nab\u00edz\u00edme prodejn\u00ed [...]\u010c\u00edst d\u00e1le... from Pron\u00e1jem \/ Projekty\" \/>\n<meta property=\"og:url\" content=\"https:\/\/dev.saller-bau.com\/cs\/pronajem-projekty\/\" \/>\n<meta property=\"og:site_name\" content=\"Saller\" \/>\n<meta property=\"article:modified_time\" content=\"2025-03-25T14:38:03+00:00\" \/>\n<meta property=\"og:image\" content=\"https:\/\/dev.saller-bau.com\/wp-content\/uploads\/2024\/10\/2024-08-16_Liniendiagramm-Entwicklung-Saller-CZ_Zeichenflaeche-1.jpg\" \/>\n\t<meta property=\"og:image:width\" content=\"1920\" \/>\n\t<meta property=\"og:image:height\" content=\"890\" \/>\n\t<meta property=\"og:image:type\" content=\"image\/jpeg\" \/>\n<meta name=\"twitter:card\" content=\"summary_large_image\" \/>\n<meta name=\"twitter:label1\" content=\"Odhadovan\u00e1 doba \u010dten\u00ed\" \/>\n\t<meta name=\"twitter:data1\" content=\"1 minuta\" \/>\n<script type=\"application\/ld+json\" class=\"yoast-schema-graph\">{\"@context\":\"https:\/\/schema.org\",\"@graph\":[{\"@type\":\"WebPage\",\"@id\":\"https:\/\/dev.saller-bau.com\/cs\/pronajem-projekty\/\",\"url\":\"https:\/\/dev.saller-bau.com\/cs\/pronajem-projekty\/\",\"name\":\"Pron\u00e1jem \/ Projekty - Saller\",\"isPartOf\":{\"@id\":\"https:\/\/dev.saller-bau.com\/cs\/#website\"},\"primaryImageOfPage\":{\"@id\":\"https:\/\/dev.saller-bau.com\/cs\/pronajem-projekty\/#primaryimage\"},\"image\":{\"@id\":\"https:\/\/dev.saller-bau.com\/cs\/pronajem-projekty\/#primaryimage\"},\"thumbnailUrl\":\"https:\/\/dev.saller-bau.com\/wp-content\/uploads\/2024\/10\/2024-08-16_Liniendiagramm-Entwicklung-Saller-CZ_Zeichenflaeche-1.jpg\",\"datePublished\":\"2023-11-28T17:48:32+00:00\",\"dateModified\":\"2025-03-25T14:38:03+00:00\",\"breadcrumb\":{\"@id\":\"https:\/\/dev.saller-bau.com\/cs\/pronajem-projekty\/#breadcrumb\"},\"inLanguage\":\"cs\",\"potentialAction\":[{\"@type\":\"ReadAction\",\"target\":[\"https:\/\/dev.saller-bau.com\/cs\/pronajem-projekty\/\"]}]},{\"@type\":\"ImageObject\",\"inLanguage\":\"cs\",\"@id\":\"https:\/\/dev.saller-bau.com\/cs\/pronajem-projekty\/#primaryimage\",\"url\":\"https:\/\/dev.saller-bau.com\/wp-content\/uploads\/2024\/10\/2024-08-16_Liniendiagramm-Entwicklung-Saller-CZ_Zeichenflaeche-1.jpg\",\"contentUrl\":\"https:\/\/dev.saller-bau.com\/wp-content\/uploads\/2024\/10\/2024-08-16_Liniendiagramm-Entwicklung-Saller-CZ_Zeichenflaeche-1.jpg\"},{\"@type\":\"BreadcrumbList\",\"@id\":\"https:\/\/dev.saller-bau.com\/cs\/pronajem-projekty\/#breadcrumb\",\"itemListElement\":[{\"@type\":\"ListItem\",\"position\":1,\"name\":\"Startseite\",\"item\":\"https:\/\/dev.saller-bau.com\/cs\/\"},{\"@type\":\"ListItem\",\"position\":2,\"name\":\"Pron\u00e1jem \/ Projekty\"}]},{\"@type\":\"WebSite\",\"@id\":\"https:\/\/dev.saller-bau.com\/cs\/#website\",\"url\":\"https:\/\/dev.saller-bau.com\/cs\/\",\"name\":\"Saller\",\"description\":\"\",\"potentialAction\":[{\"@type\":\"SearchAction\",\"target\":{\"@type\":\"EntryPoint\",\"urlTemplate\":\"https:\/\/dev.saller-bau.com\/cs\/?s={search_term_string}\"},\"query-input\":{\"@type\":\"PropertyValueSpecification\",\"valueRequired\":true,\"valueName\":\"search_term_string\"}}],\"inLanguage\":\"cs\"}]}<\/script>\n<!-- \/ Yoast SEO plugin. -->","yoast_head_json":{"title":"Pron\u00e1jem \/ Projekty - Saller","robots":{"index":"index","follow":"follow","max-snippet":"max-snippet:-1","max-image-preview":"max-image-preview:large","max-video-preview":"max-video-preview:-1"},"canonical":"https:\/\/dev.saller-bau.com\/cs\/pronajem-projekty\/","og_locale":"cs_CZ","og_type":"article","og_title":"Pron\u00e1jem \/ Projekty - Saller","og_description":"Skv\u011bl\u00e1 m\u00edsta a dlouhodob\u00fd rozvoj nemovitost\u00ed Dobr\u00e9 d\u016fvodypro spolupr\u00e1ci Jsme partnerem \u00fasp\u011b\u0161n\u00fdch obchodn\u00edch spole\u010dnost\u00ed a st\u0159edn\u011b velk\u00fdch firem, kter\u00e9 hledaj\u00ed n\u00e1jemn\u00ed plochy pro expanzi. Svou dlouhodobou \u010dinnost\u00ed a udr\u017eiteln\u00fdm obhospoda\u0159ov\u00e1n\u00edm nav\u00edc zaji\u0161\u0165ujeme vytv\u00e1\u0159en\u00ed a&nbsp;udr\u017eov\u00e1n\u00ed mnoha nov\u00fdch pracovn\u00edch m\u00edst. Tel.: +49 3643 \/ 8674 202E-Mail: asspronajem-czsk@saller-bau.com V N\u011bmecku, \u010cesk\u00e9 republice, Polsku a na Slovensku nab\u00edz\u00edme prodejn\u00ed [...]\u010c\u00edst d\u00e1le... from Pron\u00e1jem \/ Projekty","og_url":"https:\/\/dev.saller-bau.com\/cs\/pronajem-projekty\/","og_site_name":"Saller","article_modified_time":"2025-03-25T14:38:03+00:00","og_image":[{"width":1920,"height":890,"url":"https:\/\/dev.saller-bau.com\/wp-content\/uploads\/2024\/10\/2024-08-16_Liniendiagramm-Entwicklung-Saller-CZ_Zeichenflaeche-1.jpg","type":"image\/jpeg"}],"twitter_card":"summary_large_image","twitter_misc":{"Odhadovan\u00e1 doba \u010dten\u00ed":"1 minuta"},"schema":{"@context":"https:\/\/schema.org","@graph":[{"@type":"WebPage","@id":"https:\/\/dev.saller-bau.com\/cs\/pronajem-projekty\/","url":"https:\/\/dev.saller-bau.com\/cs\/pronajem-projekty\/","name":"Pron\u00e1jem \/ Projekty - Saller","isPartOf":{"@id":"https:\/\/dev.saller-bau.com\/cs\/#website"},"primaryImageOfPage":{"@id":"https:\/\/dev.saller-bau.com\/cs\/pronajem-projekty\/#primaryimage"},"image":{"@id":"https:\/\/dev.saller-bau.com\/cs\/pronajem-projekty\/#primaryimage"},"thumbnailUrl":"https:\/\/dev.saller-bau.com\/wp-content\/uploads\/2024\/10\/2024-08-16_Liniendiagramm-Entwicklung-Saller-CZ_Zeichenflaeche-1.jpg","datePublished":"2023-11-28T17:48:32+00:00","dateModified":"2025-03-25T14:38:03+00:00","breadcrumb":{"@id":"https:\/\/dev.saller-bau.com\/cs\/pronajem-projekty\/#breadcrumb"},"inLanguage":"cs","potentialAction":[{"@type":"ReadAction","target":["https:\/\/dev.saller-bau.com\/cs\/pronajem-projekty\/"]}]},{"@type":"ImageObject","inLanguage":"cs","@id":"https:\/\/dev.saller-bau.com\/cs\/pronajem-projekty\/#primaryimage","url":"https:\/\/dev.saller-bau.com\/wp-content\/uploads\/2024\/10\/2024-08-16_Liniendiagramm-Entwicklung-Saller-CZ_Zeichenflaeche-1.jpg","contentUrl":"https:\/\/dev.saller-bau.com\/wp-content\/uploads\/2024\/10\/2024-08-16_Liniendiagramm-Entwicklung-Saller-CZ_Zeichenflaeche-1.jpg"},{"@type":"BreadcrumbList","@id":"https:\/\/dev.saller-bau.com\/cs\/pronajem-projekty\/#breadcrumb","itemListElement":[{"@type":"ListItem","position":1,"name":"Startseite","item":"https:\/\/dev.saller-bau.com\/cs\/"},{"@type":"ListItem","position":2,"name":"Pron\u00e1jem \/ Projekty"}]},{"@type":"WebSite","@id":"https:\/\/dev.saller-bau.com\/cs\/#website","url":"https:\/\/dev.saller-bau.com\/cs\/","name":"Saller","description":"","potentialAction":[{"@type":"SearchAction","target":{"@type":"EntryPoint","urlTemplate":"https:\/\/dev.saller-bau.com\/cs\/?s={search_term_string}"},"query-input":{"@type":"PropertyValueSpecification","valueRequired":true,"valueName":"search_term_string"}}],"inLanguage":"cs"}]}},"_links":{"self":[{"href":"https:\/\/dev.saller-bau.com\/cs\/wp-json\/wp\/v2\/pages\/286","targetHints":{"allow":["GET"]}}],"collection":[{"href":"https:\/\/dev.saller-bau.com\/cs\/wp-json\/wp\/v2\/pages"}],"about":[{"href":"https:\/\/dev.saller-bau.com\/cs\/wp-json\/wp\/v2\/types\/page"}],"author":[{"embeddable":true,"href":"https:\/\/dev.saller-bau.com\/cs\/wp-json\/wp\/v2\/users\/1"}],"replies":[{"embeddable":true,"href":"https:\/\/dev.saller-bau.com\/cs\/wp-json\/wp\/v2\/comments?post=286"}],"version-history":[{"count":18,"href":"https:\/\/dev.saller-bau.com\/cs\/wp-json\/wp\/v2\/pages\/286\/revisions"}],"predecessor-version":[{"id":2599,"href":"https:\/\/dev.saller-bau.com\/cs\/wp-json\/wp\/v2\/pages\/286\/revisions\/2599"}],"wp:attachment":[{"href":"https:\/\/dev.saller-bau.com\/cs\/wp-json\/wp\/v2\/media?parent=286"}],"curies":[{"name":"wp","href":"https:\/\/api.w.org\/{rel}","templated":true}]}}