{"id":314,"date":"2023-11-28T19:48:05","date_gmt":"2023-11-28T18:48:05","guid":{"rendered":"https:\/\/dev.saller-bau.com\/?page_id=314"},"modified":"2025-03-21T10:45:18","modified_gmt":"2025-03-21T09:45:18","slug":"kontaktujte-nas","status":"publish","type":"page","link":"https:\/\/dev.saller-bau.com\/sk\/kontaktujte-nas\/","title":{"rendered":"KONTAKTUJTE N\u00c1S"},"content":{"rendered":"\n<div style=\"height:25px\" aria-hidden=\"true\" class=\"wp-block-spacer\"><\/div>\n\n\n\n<div style=\"height:50px\" aria-hidden=\"true\" class=\"wp-block-spacer\"><\/div>\n\n\n\n<div class=\"wp-block-columns is-layout-flex wp-container-core-columns-is-layout-9d6595d7 wp-block-columns-is-layout-flex\">\n<div class=\"wp-block-column is-layout-flow wp-block-column-is-layout-flow\">\n<div class=\"wpcf7 no-js\" id=\"wpcf7-f605-o1\" lang=\"sk-SK\" dir=\"ltr\" data-wpcf7-id=\"605\">\n<div class=\"screen-reader-response\"><p role=\"status\" aria-live=\"polite\" aria-atomic=\"true\"><\/p> <ul><\/ul><\/div>\n<form action=\"\/sk\/wp-json\/wp\/v2\/pages\/314#wpcf7-f605-o1\" method=\"post\" class=\"wpcf7-form init wpcf7-acceptance-as-validation\" aria-label=\"Kontaktn\u00fd formul\u00e1r\" novalidate=\"novalidate\" data-status=\"init\">\n<fieldset class=\"hidden-fields-container\"><input type=\"hidden\" name=\"_wpcf7\" value=\"605\" \/><input type=\"hidden\" name=\"_wpcf7_version\" value=\"6.1.5\" \/><input type=\"hidden\" name=\"_wpcf7_locale\" value=\"sk_SK\" \/><input type=\"hidden\" name=\"_wpcf7_unit_tag\" value=\"wpcf7-f605-o1\" \/><input type=\"hidden\" name=\"_wpcf7_container_post\" value=\"0\" \/><input type=\"hidden\" name=\"_wpcf7_posted_data_hash\" value=\"\" \/>\n<\/fieldset>\n<p><label> Va\u0161e meno (povinn\u00e9 pole)<br \/>\n<span class=\"wpcf7-form-control-wrap\" data-name=\"your-name\"><input size=\"40\" maxlength=\"400\" class=\"wpcf7-form-control wpcf7-text wpcf7-validates-as-required\" autocomplete=\"name\" aria-required=\"true\" aria-invalid=\"false\" value=\"\" type=\"text\" name=\"your-name\" \/><\/span> <\/label>\n<\/p>\n<p><label> Va\u0161a e-mailov\u00e1 adresa (povinn\u00e9 pole)<br \/>\n<span class=\"wpcf7-form-control-wrap\" data-name=\"your-email\"><input size=\"40\" maxlength=\"400\" class=\"wpcf7-form-control wpcf7-email wpcf7-validates-as-required wpcf7-text wpcf7-validates-as-email\" autocomplete=\"email\" aria-required=\"true\" aria-invalid=\"false\" value=\"\" type=\"email\" name=\"your-email\" \/><\/span> <\/label>\n<\/p>\n<p><label> Predmet<br \/>\n<span class=\"wpcf7-form-control-wrap\" data-name=\"your-subject\"><select class=\"wpcf7-form-control wpcf7-select\" aria-invalid=\"false\" name=\"your-subject\"><option value=\"\u017diados\u0165 o pren\u00e1jom\">\u017diados\u0165 o pren\u00e1jom<\/option><option value=\"H\u013eadanie pr\u00e1ce\">H\u013eadanie pr\u00e1ce<\/option><option value=\"Ponuky nehnute\u013enost\u00ed\">Ponuky nehnute\u013enost\u00ed<\/option><\/select><\/span> <\/label>\n<\/p>\n<p><label> Va\u0161a spr\u00e1va (nepovinn\u00e9)<br \/>\n<span class=\"wpcf7-form-control-wrap\" data-name=\"your-message\"><textarea cols=\"40\" rows=\"10\" maxlength=\"2000\" class=\"wpcf7-form-control wpcf7-textarea\" aria-invalid=\"false\" name=\"your-message\"><\/textarea><\/span> <\/label>\n<\/p>\n<p class=\"datenschutz\"><br \/>\n<strong>Datenschutz<\/strong><br \/>\n<span class=\"wpcf7-form-control-wrap\" data-name=\"zustimmung-datenschutz\"><span class=\"wpcf7-form-control wpcf7-acceptance\"><span class=\"wpcf7-list-item\"><label><input type=\"checkbox\" name=\"zustimmung-datenschutz\" value=\"1\" aria-invalid=\"false\" \/><span class=\"wpcf7-list-item-label\">S\u00fahlas\u00edm s t\u00fdm, aby sa moje \u00fadaje v tomto kontaktnom formul\u00e1ri zhroma\u017e\u010fovali a spracov\u00e1vali s cie\u013eom odpoveda\u0165 na moju po\u017eiadavku.\nBeriem na vedomie, \u017ee tento s\u00fahlas m\u00f4\u017eem kedyko\u013evek odvola\u0165 zaslan\u00edm e-mailu na adresu info@saller-bau.com. \n\u010eal\u0161ie inform\u00e1cie o spracovan\u00ed \u00fadajov pou\u017e\u00edvate\u013eov n\u00e1jdete v <a href=\"https:\/\/saller-bau.com\/\">z\u00e1sad\u00e1ch ochrany osobn\u00fdch \u00fadajov<\/a>.<\/span><\/label><\/span><\/span><\/span>\n<\/p>\n<p><input class=\"wpcf7-form-control wpcf7-submit has-spinner\" type=\"submit\" value=\"Senden\" \/>\n<\/p><div class=\"wpcf7-response-output\" aria-hidden=\"true\"><\/div>\n<\/form>\n<\/div>\n\n<\/div>\n\n\n\n<div class=\"wp-block-column is-layout-flow wp-block-column-is-layout-flow\" style=\"flex-basis:33.33%\">\n<figure class=\"wp-block-image size-large is-resized\"><img decoding=\"async\" width=\"1024\" height=\"837\" src=\"https:\/\/dev.saller-bau.com\/wp-content\/uploads\/2024\/08\/Saller-1-1024x837.png\" alt=\"\" class=\"wp-image-1236\" style=\"width:143px;height:auto\" srcset=\"https:\/\/dev.saller-bau.com\/wp-content\/uploads\/2024\/08\/Saller-1-1024x837.png 1024w, https:\/\/dev.saller-bau.com\/wp-content\/uploads\/2024\/08\/Saller-1-300x245.png 300w, https:\/\/dev.saller-bau.com\/wp-content\/uploads\/2024\/08\/Saller-1-768x627.png 768w, https:\/\/dev.saller-bau.com\/wp-content\/uploads\/2024\/08\/Saller-1-122x100.png 122w, https:\/\/dev.saller-bau.com\/wp-content\/uploads\/2024\/08\/Saller-1.png 1191w\" sizes=\"(max-width: 1024px) 100vw, 1024px\" \/><\/figure>\n\n\n\n<p class=\"has-text-align-left\">Torysk\u00e1 5<br>040 11 Ko\u0161ice<br>Tel: <a href=\"tel:+421905606636\">+421 905 606 636<\/a><br>E-Mail: <a href=\"mailto:info@saller-bau.com\">info@saller-bau.com<\/a><\/p>\n<\/div>\n<\/div>\n\n\n\n<div style=\"height:25px\" aria-hidden=\"true\" class=\"wp-block-spacer\"><\/div>\n\n\n \n<div data-block=\"gutenkit\/container\" data-post-id=\"314\" id=\"block-cc205ce8-16af-48f8-8f30-c19fd4971e3b\" class=\"wp-block-gutenkit-container alignfull gkit971e3b gutenkit-block\"><div class=\"gkit-block__inner\">\n<div class=\"wp-block-columns are-vertically-aligned-center has-background is-layout-flex wp-container-core-columns-is-layout-9d6595d7 wp-block-columns-is-layout-flex\" style=\"background-color:#e3e3e3\">\n<div class=\"wp-block-column is-vertically-aligned-center is-layout-flow wp-block-column-is-layout-flow\">\n<h4 class=\"wp-block-heading has-text-color has-link-color wp-elements-13a347ae76b4095cd6d1a4a702f33991\" id=\"0-compliance-syst%C3%A9m-nahla%C5%A1ov%C3%A1n%C3%AD-\" style=\"color:#00305b\"><strong>Syst\u00e9m nahlasovania poru\u0161en\u00ed (Compliance)<\/strong><\/h4>\n\n\n\n<p style=\"font-size:16px\">Spolo\u010dnos\u0165 Saller zriadila syst\u00e9m nahlasovania poru\u0161en\u00ed pravidiel Compliance.<br>V\u0161etky podnety bud\u00fa preveren\u00e9 a spracovan\u00e9 poveren\u00fdmi osobami (Compliance Officer).<\/p>\n\n\n\n<p style=\"font-size:16px\">K syst\u00e9mu nahlasovania sa dostanete prostredn\u00edctvom nasleduj\u00faceho odkazu:<\/p>\n\n\n\n<p style=\"font-size:16px\"><a href=\"https:\/\/sallerbau.integrityline.app\/?lang=de\" target=\"_blank\" rel=\"noreferrer noopener\"><strong>Syst\u00e9m nahlasovania poru\u0161en\u00ed (Compliance)<\/strong><\/a><\/p>\n<\/div>\n<\/div>\n<\/div><\/div>\n \n\n\n<p><\/p>\n","protected":false},"excerpt":{"rendered":"Torysk\u00e1 5040 11 Ko\u0161iceTel: +421 905 606 636E-Mail: info@saller-bau.com [&#8230;]<p><a class=\"btn btn-secondary understrap-read-more-link\" href=\"https:\/\/dev.saller-bau.com\/sk\/kontaktujte-nas\/\">\u010c\u00edta\u0165 viac&#8230;<span class=\"screen-reader-text\"> from KONTAKTUJTE N\u00c1S<\/span><\/a><\/p>","protected":false},"author":1,"featured_media":0,"parent":0,"menu_order":0,"comment_status":"closed","ping_status":"closed","template":"","meta":{"_acf_changed":false,"_eb_attr":"","inline_featured_image":false,"postBodyCss":"","postBodyMargin":[],"postBodyPadding":[],"postBodyBackground":{"backgroundType":"classic","gradient":""},"footnotes":""},"class_list":["post-314","page","type-page","status-publish","hentry"],"featured_image_src":null,"acf":[],"yoast_head":"<!-- This site is optimized with the Yoast SEO plugin v27.2 - https:\/\/yoast.com\/product\/yoast-seo-wordpress\/ -->\n<title>KONTAKTUJTE N\u00c1S - Saller<\/title>\n<meta name=\"robots\" content=\"index, follow, max-snippet:-1, max-image-preview:large, max-video-preview:-1\" \/>\n<link rel=\"canonical\" href=\"https:\/\/dev.saller-bau.com\/sk\/kontaktujte-nas\/\" \/>\n<meta property=\"og:locale\" content=\"sk_SK\" \/>\n<meta property=\"og:type\" content=\"article\" \/>\n<meta property=\"og:title\" content=\"KONTAKTUJTE N\u00c1S - Saller\" \/>\n<meta property=\"og:description\" content=\"Torysk\u00e1 5040 11 Ko\u0161iceTel: +421 905 606 636E-Mail: info@saller-bau.com [...]\u010c\u00edta\u0165 viac... from KONTAKTUJTE N\u00c1S\" \/>\n<meta property=\"og:url\" content=\"https:\/\/dev.saller-bau.com\/sk\/kontaktujte-nas\/\" \/>\n<meta property=\"og:site_name\" content=\"Saller\" \/>\n<meta property=\"article:modified_time\" content=\"2025-03-21T09:45:18+00:00\" \/>\n<meta property=\"og:image\" content=\"https:\/\/dev.saller-bau.com\/wp-content\/uploads\/2024\/08\/Saller-1.png\" \/>\n\t<meta property=\"og:image:width\" content=\"1191\" \/>\n\t<meta property=\"og:image:height\" content=\"973\" \/>\n\t<meta property=\"og:image:type\" content=\"image\/png\" \/>\n<meta name=\"twitter:card\" content=\"summary_large_image\" \/>\n<meta name=\"twitter:label1\" content=\"Predpokladan\u00fd \u010das \u010d\u00edtania\" \/>\n\t<meta name=\"twitter:data1\" content=\"1 min\u00fata\" \/>\n<script type=\"application\/ld+json\" class=\"yoast-schema-graph\">{\"@context\":\"https:\/\/schema.org\",\"@graph\":[{\"@type\":\"WebPage\",\"@id\":\"https:\/\/dev.saller-bau.com\/sk\/kontaktujte-nas\/\",\"url\":\"https:\/\/dev.saller-bau.com\/sk\/kontaktujte-nas\/\",\"name\":\"KONTAKTUJTE N\u00c1S - Saller\",\"isPartOf\":{\"@id\":\"https:\/\/dev.saller-bau.com\/sk\/#website\"},\"primaryImageOfPage\":{\"@id\":\"https:\/\/dev.saller-bau.com\/sk\/kontaktujte-nas\/#primaryimage\"},\"image\":{\"@id\":\"https:\/\/dev.saller-bau.com\/sk\/kontaktujte-nas\/#primaryimage\"},\"thumbnailUrl\":\"https:\/\/dev.saller-bau.com\/wp-content\/uploads\/2024\/08\/Saller-1-1024x837.png\",\"datePublished\":\"2023-11-28T18:48:05+00:00\",\"dateModified\":\"2025-03-21T09:45:18+00:00\",\"breadcrumb\":{\"@id\":\"https:\/\/dev.saller-bau.com\/sk\/kontaktujte-nas\/#breadcrumb\"},\"inLanguage\":\"sk-SK\",\"potentialAction\":[{\"@type\":\"ReadAction\",\"target\":[\"https:\/\/dev.saller-bau.com\/sk\/kontaktujte-nas\/\"]}]},{\"@type\":\"ImageObject\",\"inLanguage\":\"sk-SK\",\"@id\":\"https:\/\/dev.saller-bau.com\/sk\/kontaktujte-nas\/#primaryimage\",\"url\":\"https:\/\/dev.saller-bau.com\/wp-content\/uploads\/2024\/08\/Saller-1-1024x837.png\",\"contentUrl\":\"https:\/\/dev.saller-bau.com\/wp-content\/uploads\/2024\/08\/Saller-1-1024x837.png\"},{\"@type\":\"BreadcrumbList\",\"@id\":\"https:\/\/dev.saller-bau.com\/sk\/kontaktujte-nas\/#breadcrumb\",\"itemListElement\":[{\"@type\":\"ListItem\",\"position\":1,\"name\":\"Startseite\",\"item\":\"https:\/\/dev.saller-bau.com\/sk\/\"},{\"@type\":\"ListItem\",\"position\":2,\"name\":\"KONTAKTUJTE N\u00c1S\"}]},{\"@type\":\"WebSite\",\"@id\":\"https:\/\/dev.saller-bau.com\/sk\/#website\",\"url\":\"https:\/\/dev.saller-bau.com\/sk\/\",\"name\":\"Saller\",\"description\":\"\",\"potentialAction\":[{\"@type\":\"SearchAction\",\"target\":{\"@type\":\"EntryPoint\",\"urlTemplate\":\"https:\/\/dev.saller-bau.com\/sk\/?s={search_term_string}\"},\"query-input\":{\"@type\":\"PropertyValueSpecification\",\"valueRequired\":true,\"valueName\":\"search_term_string\"}}],\"inLanguage\":\"sk-SK\"}]}<\/script>\n<!-- \/ Yoast SEO plugin. -->","yoast_head_json":{"title":"KONTAKTUJTE N\u00c1S - Saller","robots":{"index":"index","follow":"follow","max-snippet":"max-snippet:-1","max-image-preview":"max-image-preview:large","max-video-preview":"max-video-preview:-1"},"canonical":"https:\/\/dev.saller-bau.com\/sk\/kontaktujte-nas\/","og_locale":"sk_SK","og_type":"article","og_title":"KONTAKTUJTE N\u00c1S - Saller","og_description":"Torysk\u00e1 5040 11 Ko\u0161iceTel: +421 905 606 636E-Mail: info@saller-bau.com [...]\u010c\u00edta\u0165 viac... from KONTAKTUJTE N\u00c1S","og_url":"https:\/\/dev.saller-bau.com\/sk\/kontaktujte-nas\/","og_site_name":"Saller","article_modified_time":"2025-03-21T09:45:18+00:00","og_image":[{"width":1191,"height":973,"url":"https:\/\/dev.saller-bau.com\/wp-content\/uploads\/2024\/08\/Saller-1.png","type":"image\/png"}],"twitter_card":"summary_large_image","twitter_misc":{"Predpokladan\u00fd \u010das \u010d\u00edtania":"1 min\u00fata"},"schema":{"@context":"https:\/\/schema.org","@graph":[{"@type":"WebPage","@id":"https:\/\/dev.saller-bau.com\/sk\/kontaktujte-nas\/","url":"https:\/\/dev.saller-bau.com\/sk\/kontaktujte-nas\/","name":"KONTAKTUJTE N\u00c1S - Saller","isPartOf":{"@id":"https:\/\/dev.saller-bau.com\/sk\/#website"},"primaryImageOfPage":{"@id":"https:\/\/dev.saller-bau.com\/sk\/kontaktujte-nas\/#primaryimage"},"image":{"@id":"https:\/\/dev.saller-bau.com\/sk\/kontaktujte-nas\/#primaryimage"},"thumbnailUrl":"https:\/\/dev.saller-bau.com\/wp-content\/uploads\/2024\/08\/Saller-1-1024x837.png","datePublished":"2023-11-28T18:48:05+00:00","dateModified":"2025-03-21T09:45:18+00:00","breadcrumb":{"@id":"https:\/\/dev.saller-bau.com\/sk\/kontaktujte-nas\/#breadcrumb"},"inLanguage":"sk-SK","potentialAction":[{"@type":"ReadAction","target":["https:\/\/dev.saller-bau.com\/sk\/kontaktujte-nas\/"]}]},{"@type":"ImageObject","inLanguage":"sk-SK","@id":"https:\/\/dev.saller-bau.com\/sk\/kontaktujte-nas\/#primaryimage","url":"https:\/\/dev.saller-bau.com\/wp-content\/uploads\/2024\/08\/Saller-1-1024x837.png","contentUrl":"https:\/\/dev.saller-bau.com\/wp-content\/uploads\/2024\/08\/Saller-1-1024x837.png"},{"@type":"BreadcrumbList","@id":"https:\/\/dev.saller-bau.com\/sk\/kontaktujte-nas\/#breadcrumb","itemListElement":[{"@type":"ListItem","position":1,"name":"Startseite","item":"https:\/\/dev.saller-bau.com\/sk\/"},{"@type":"ListItem","position":2,"name":"KONTAKTUJTE N\u00c1S"}]},{"@type":"WebSite","@id":"https:\/\/dev.saller-bau.com\/sk\/#website","url":"https:\/\/dev.saller-bau.com\/sk\/","name":"Saller","description":"","potentialAction":[{"@type":"SearchAction","target":{"@type":"EntryPoint","urlTemplate":"https:\/\/dev.saller-bau.com\/sk\/?s={search_term_string}"},"query-input":{"@type":"PropertyValueSpecification","valueRequired":true,"valueName":"search_term_string"}}],"inLanguage":"sk-SK"}]}},"_links":{"self":[{"href":"https:\/\/dev.saller-bau.com\/sk\/wp-json\/wp\/v2\/pages\/314","targetHints":{"allow":["GET"]}}],"collection":[{"href":"https:\/\/dev.saller-bau.com\/sk\/wp-json\/wp\/v2\/pages"}],"about":[{"href":"https:\/\/dev.saller-bau.com\/sk\/wp-json\/wp\/v2\/types\/page"}],"author":[{"embeddable":true,"href":"https:\/\/dev.saller-bau.com\/sk\/wp-json\/wp\/v2\/users\/1"}],"replies":[{"embeddable":true,"href":"https:\/\/dev.saller-bau.com\/sk\/wp-json\/wp\/v2\/comments?post=314"}],"version-history":[{"count":5,"href":"https:\/\/dev.saller-bau.com\/sk\/wp-json\/wp\/v2\/pages\/314\/revisions"}],"predecessor-version":[{"id":2449,"href":"https:\/\/dev.saller-bau.com\/sk\/wp-json\/wp\/v2\/pages\/314\/revisions\/2449"}],"wp:attachment":[{"href":"https:\/\/dev.saller-bau.com\/sk\/wp-json\/wp\/v2\/media?parent=314"}],"curies":[{"name":"wp","href":"https:\/\/api.w.org\/{rel}","templated":true}]}}